{"id":2319,"date":"2024-03-19T19:19:02","date_gmt":"2024-03-19T19:19:02","guid":{"rendered":"http:\/\/teszt.beef-farmer.hu\/wordpress\/?page_id=2319"},"modified":"2025-03-31T13:46:48","modified_gmt":"2025-03-31T13:46:48","slug":"elementor-2319","status":"publish","type":"page","link":"https:\/\/beef-farmer.hu\/","title":{"rendered":"F\u0151oldal"},"content":{"rendered":"\t\t<div data-elementor-type=\"wp-page\" data-elementor-id=\"2319\" class=\"elementor elementor-2319\">\n\t\t\t\t<div class=\"elementor-element elementor-element-2dd3aa97 e-flex e-con-boxed e-con e-parent\" data-id=\"2dd3aa97\" data-element_type=\"container\" data-e-type=\"container\" data-settings=\"{&quot;background_background&quot;:&quot;classic&quot;}\">\n\t\t\t\t\t<div class=\"e-con-inner\">\n\t\t<div class=\"elementor-element elementor-element-7966691 e-flex e-con-boxed e-con e-child\" data-id=\"7966691\" data-element_type=\"container\" data-e-type=\"container\">\n\t\t\t\t\t<div class=\"e-con-inner\">\n\t\t<div class=\"elementor-element elementor-element-73e7980e e-flex e-con-boxed e-con e-child\" data-id=\"73e7980e\" data-element_type=\"container\" data-e-type=\"container\">\n\t\t\t\t\t<div class=\"e-con-inner\">\n\t\t<div class=\"elementor-element elementor-element-6374c41f e-flex e-con-boxed e-con e-child\" data-id=\"6374c41f\" data-element_type=\"container\" data-e-type=\"container\">\n\t\t\t\t\t<div class=\"e-con-inner\">\n\t\t\t\t\t<\/div>\n\t\t\t\t<\/div>\n\t\t\t\t<div class=\"elementor-element elementor-element-48385c57 elementor-widget elementor-widget-image\" data-id=\"48385c57\" data-element_type=\"widget\" data-e-type=\"widget\" data-widget_type=\"image.default\">\n\t\t\t\t<div class=\"elementor-widget-container\">\n\t\t\t\t\t\t\t\t\t\t\t\t\t\t\t<img fetchpriority=\"high\" decoding=\"async\" width=\"1024\" height=\"625\" src=\"https:\/\/beef-farmer.hu\/wp-content\/uploads\/2023\/12\/1702664780379-3a280b5e-cb8d-42b4-9204-e0c11a45ac0a_1-PhotoRoom.png-PhotoRoom.png\" class=\"attachment-large size-large wp-image-1792\" alt=\"\" \/>\t\t\t\t\t\t\t\t\t\t\t\t\t\t\t<\/div>\n\t\t\t\t<\/div>\n\t\t\t\t\t<\/div>\n\t\t\t\t<\/div>\n\t\t\t\t<div class=\"elementor-element elementor-element-56f0b4ca elementor-widget elementor-widget-text-editor\" data-id=\"56f0b4ca\" data-element_type=\"widget\" data-e-type=\"widget\" data-widget_type=\"text-editor.default\">\n\t\t\t\t<div class=\"elementor-widget-container\">\n\t\t\t\t\t\t\t\t\t<p><strong><em>&#8230;egy &#8222;marha&#8221;j\u00f3 v\u00e1laszt\u00e1s!<\/em><\/strong><\/p>\t\t\t\t\t\t\t\t<\/div>\n\t\t\t\t<\/div>\n\t\t\t\t\t<\/div>\n\t\t\t\t<\/div>\n\t\t\t\t\t<\/div>\n\t\t\t\t<\/div>\n\t\t<div class=\"elementor-element elementor-element-57cea8c4 e-flex e-con-boxed e-con e-parent\" data-id=\"57cea8c4\" data-element_type=\"container\" data-e-type=\"container\">\n\t\t\t\t\t<div class=\"e-con-inner\">\n\t\t\t\t<div class=\"elementor-element elementor-element-16dea34f elementor-invisible elementor-widget elementor-widget-igmap\" data-id=\"16dea34f\" data-element_type=\"widget\" data-e-type=\"widget\" data-settings=\"{&quot;_animation&quot;:&quot;slideInUp&quot;}\" data-widget_type=\"igmap.default\">\n\t\t\t\t<div class=\"elementor-widget-container\">\n\t\t\t\t\t<div class=\"igmap-elementor-widget\"><div class=\"map_wrapper\" id=\"map_wrapper_1854\">\n<div class=\"map_box\" style=\"max-width:2000px\">\n<div class=\"map_aspect_ratio\" style=\"padding-top:56%\" data-padding-top=\"56%\" data-padding-top-mobile=\"100%\">\n<div class=\"map_container\">\n<div class=\"map_render map_loading\" id=\"map_1854\"><\/div>\n<\/div>\n<\/div>\n<\/div>\n<\/div><\/div>\t\t\t\t<\/div>\n\t\t\t\t<\/div>\n\t\t\t\t\t<\/div>\n\t\t\t\t<\/div>\n\t\t<div class=\"elementor-element elementor-element-52130c5e e-flex e-con-boxed e-con e-parent\" data-id=\"52130c5e\" data-element_type=\"container\" data-e-type=\"container\">\n\t\t\t\t\t<div class=\"e-con-inner\">\n\t\t<div class=\"elementor-element elementor-element-4aa567a8 e-flex e-con-boxed e-con e-child\" data-id=\"4aa567a8\" data-element_type=\"container\" data-e-type=\"container\">\n\t\t\t\t\t<div class=\"e-con-inner\">\n\t\t\t\t<div class=\"elementor-element elementor-element-5de1b81f elementor-widget elementor-widget-heading\" data-id=\"5de1b81f\" data-element_type=\"widget\" data-e-type=\"widget\" data-widget_type=\"heading.default\">\n\t\t\t\t<div class=\"elementor-widget-container\">\n\t\t\t\t\t<h2 class=\"elementor-heading-title elementor-size-default\"><b>Szolg\u00e1ltat\u00e1saink<\/b><\/h2>\t\t\t\t<\/div>\n\t\t\t\t<\/div>\n\t\t\t\t<div class=\"elementor-element elementor-element-227c665 elementor-widget-divider--view-line elementor-widget elementor-widget-divider\" data-id=\"227c665\" data-element_type=\"widget\" data-e-type=\"widget\" data-widget_type=\"divider.default\">\n\t\t\t\t<div class=\"elementor-widget-container\">\n\t\t\t\t\t\t\t<div class=\"elementor-divider\">\n\t\t\t<span class=\"elementor-divider-separator\">\n\t\t\t\t\t\t<\/span>\n\t\t<\/div>\n\t\t\t\t\t\t<\/div>\n\t\t\t\t<\/div>\n\t\t<div class=\"elementor-element elementor-element-edfdd10 e-flex e-con-boxed e-con e-child\" data-id=\"edfdd10\" data-element_type=\"container\" data-e-type=\"container\">\n\t\t\t\t\t<div class=\"e-con-inner\">\n\t\t<div class=\"elementor-element elementor-element-8975e4b e-flex e-con-boxed e-con e-child\" data-id=\"8975e4b\" data-element_type=\"container\" data-e-type=\"container\">\n\t\t\t\t\t<div class=\"e-con-inner\">\n\t\t\t\t<div class=\"elementor-element elementor-element-41dec62b elementor-widget elementor-widget-image\" data-id=\"41dec62b\" data-element_type=\"widget\" data-e-type=\"widget\" data-widget_type=\"image.default\">\n\t\t\t\t<div class=\"elementor-widget-container\">\n\t\t\t\t\t\t\t\t\t\t\t\t\t\t\t<img decoding=\"async\" width=\"2560\" height=\"1119\" src=\"https:\/\/beef-farmer.hu\/wp-content\/uploads\/2024\/04\/DSC_0324-scaled.jpg\" class=\"attachment-full size-full wp-image-2833\" alt=\"\" srcset=\"https:\/\/beef-farmer.hu\/wp-content\/uploads\/2024\/04\/DSC_0324-scaled.jpg 2560w, https:\/\/beef-farmer.hu\/wp-content\/uploads\/2024\/04\/DSC_0324-300x131.jpg 300w, https:\/\/beef-farmer.hu\/wp-content\/uploads\/2024\/04\/DSC_0324-1024x448.jpg 1024w, https:\/\/beef-farmer.hu\/wp-content\/uploads\/2024\/04\/DSC_0324-768x336.jpg 768w, https:\/\/beef-farmer.hu\/wp-content\/uploads\/2024\/04\/DSC_0324-1536x671.jpg 1536w, https:\/\/beef-farmer.hu\/wp-content\/uploads\/2024\/04\/DSC_0324-2048x895.jpg 2048w\" sizes=\"(max-width: 2560px) 100vw, 2560px\" \/>\t\t\t\t\t\t\t\t\t\t\t\t\t\t\t<\/div>\n\t\t\t\t<\/div>\n\t\t\t\t<div class=\"elementor-element elementor-element-a5c015e elementor-widget elementor-widget-image-box\" data-id=\"a5c015e\" data-element_type=\"widget\" data-e-type=\"widget\" data-widget_type=\"image-box.default\">\n\t\t\t\t<div class=\"elementor-widget-container\">\n\t\t\t\t\t<div class=\"elementor-image-box-wrapper\"><div class=\"elementor-image-box-content\"><h1 class=\"elementor-image-box-title\">Szarvasmarha felv\u00e1s\u00e1rl\u00e1s<\/h1><p class=\"elementor-image-box-description\">Nagy\u00fczemi telephelyekr\u0151l, h\u00e1zt\u00e1ji gazdas\u00e1gokb\u00f3l egyar\u00e1nt felv\u00e1s\u00e1roljuk a  szarvasmarh\u00e1t.\nAz elad\u00e1sra k\u00edn\u00e1lt \u00e1llatokra a helysz\u00ednen azonnali v\u00e9teli \u00e1raj\u00e1nlatot tesz\u00fcnk.\nNaprak\u00e9sz piaci \u00e1rakon v\u00e1s\u00e1roljuk a \u00e9l\u0151\u00e1llatot.\nFelv\u00e1s\u00e1rl\u00f3 csapatunk a gazd\u00e1k \u00e9s az \u00e1llatok magas sz\u00ednvonalon t\u00f6rt\u00e9n\u0151 kiszolg\u00e1l\u00e1s\u00e1t tartja szem el\u0151tt.\nKeress bizalommal benn\u00fcnket! \n<\/p><\/div><\/div>\t\t\t\t<\/div>\n\t\t\t\t<\/div>\n\t\t\t\t\t<\/div>\n\t\t\t\t<\/div>\n\t\t<div class=\"elementor-element elementor-element-67ba1b38 e-flex e-con-boxed e-con e-child\" data-id=\"67ba1b38\" data-element_type=\"container\" data-e-type=\"container\">\n\t\t\t\t\t<div class=\"e-con-inner\">\n\t\t\t\t<div class=\"elementor-element elementor-element-66b0621 elementor-widget elementor-widget-image\" data-id=\"66b0621\" data-element_type=\"widget\" data-e-type=\"widget\" data-widget_type=\"image.default\">\n\t\t\t\t<div class=\"elementor-widget-container\">\n\t\t\t\t\t\t\t\t\t\t\t\t\t\t\t<img decoding=\"async\" width=\"2560\" height=\"1581\" src=\"https:\/\/beef-farmer.hu\/wp-content\/uploads\/2024\/03\/IMG_E3909-scaled.jpg\" class=\"attachment-full size-full wp-image-2294\" alt=\"\" srcset=\"https:\/\/beef-farmer.hu\/wp-content\/uploads\/2024\/03\/IMG_E3909-scaled.jpg 2560w, https:\/\/beef-farmer.hu\/wp-content\/uploads\/2024\/03\/IMG_E3909-300x185.jpg 300w, https:\/\/beef-farmer.hu\/wp-content\/uploads\/2024\/03\/IMG_E3909-1024x632.jpg 1024w, https:\/\/beef-farmer.hu\/wp-content\/uploads\/2024\/03\/IMG_E3909-768x474.jpg 768w, https:\/\/beef-farmer.hu\/wp-content\/uploads\/2024\/03\/IMG_E3909-1536x949.jpg 1536w, https:\/\/beef-farmer.hu\/wp-content\/uploads\/2024\/03\/IMG_E3909-2048x1265.jpg 2048w\" sizes=\"(max-width: 2560px) 100vw, 2560px\" \/>\t\t\t\t\t\t\t\t\t\t\t\t\t\t\t<\/div>\n\t\t\t\t<\/div>\n\t\t\t\t<div class=\"elementor-element elementor-element-7c3bb083 elementor-widget elementor-widget-image-box\" data-id=\"7c3bb083\" data-element_type=\"widget\" data-e-type=\"widget\" data-widget_type=\"image-box.default\">\n\t\t\t\t<div class=\"elementor-widget-container\">\n\t\t\t\t\t<div class=\"elementor-image-box-wrapper\"><div class=\"elementor-image-box-content\"><h1 class=\"elementor-image-box-title\">\u00c9l\u0151\u00e1llat b\u00e9rfuvaroz\u00e1s<\/h1><p class=\"elementor-image-box-description\">B\u00e9rfuvaroz\u00e1s ter\u00fclet\u00e9n nagy profizmussal dolgozunk.\nFontos sz\u00e1munkra az \u00e1llatok biztons\u00e1ga, hogy rendezett k\u00f6r\u00fclm\u00e9nyek k\u00f6z\u00f6tt, a legkevesebb stressz mellett \u00e9rjenek c\u00e9lba. Sof\u0151rjeink szak\u00e9rtelm\u00e9vel megk\u00f6nny\u00edtj\u00fck sz\u00e1motokra a sz\u00e1ll\u00edtm\u00e1nyoz\u00e1s terh\u00e9t. \nIsmerd meg egyedel\u00fcl\u00e1ll\u00f3 g\u00f6rd\u00fcl\u00e9kenys\u00e9ggel szervezett m\u00f3dszer\u00fcnket! \nH\u00edvj vagy \u00edrj nek\u00fcnk b\u00e1tran!\n<\/p><\/div><\/div>\t\t\t\t<\/div>\n\t\t\t\t<\/div>\n\t\t\t\t\t<\/div>\n\t\t\t\t<\/div>\n\t\t\t\t\t<\/div>\n\t\t\t\t<\/div>\n\t\t\t\t\t<\/div>\n\t\t\t\t<\/div>\n\t\t\t\t\t<\/div>\n\t\t\t\t<\/div>\n\t\t<div class=\"elementor-element elementor-element-50abf055 e-flex e-con-boxed e-con e-parent\" data-id=\"50abf055\" data-element_type=\"container\" data-e-type=\"container\">\n\t\t\t\t\t<div class=\"e-con-inner\">\n\t\t<div class=\"elementor-element elementor-element-24e3e23f e-flex e-con-boxed e-con e-child\" data-id=\"24e3e23f\" data-element_type=\"container\" data-e-type=\"container\">\n\t\t\t\t\t<div class=\"e-con-inner\">\n\t\t\t\t<div class=\"elementor-element elementor-element-8a2fea7 elementor-widget elementor-widget-heading\" data-id=\"8a2fea7\" data-element_type=\"widget\" data-e-type=\"widget\" data-widget_type=\"heading.default\">\n\t\t\t\t<div class=\"elementor-widget-container\">\n\t\t\t\t\t<h1 class=\"elementor-heading-title elementor-size-default\">R\u00f3lunk...<\/h1>\t\t\t\t<\/div>\n\t\t\t\t<\/div>\n\t\t\t\t<div class=\"elementor-element elementor-element-a8d5969 elementor-widget-divider--view-line elementor-widget elementor-widget-divider\" data-id=\"a8d5969\" data-element_type=\"widget\" data-e-type=\"widget\" data-widget_type=\"divider.default\">\n\t\t\t\t<div class=\"elementor-widget-container\">\n\t\t\t\t\t\t\t<div class=\"elementor-divider\">\n\t\t\t<span class=\"elementor-divider-separator\">\n\t\t\t\t\t\t<\/span>\n\t\t<\/div>\n\t\t\t\t\t\t<\/div>\n\t\t\t\t<\/div>\n\t\t\t\t<div class=\"elementor-element elementor-element-642e707a elementor-widget elementor-widget-image\" data-id=\"642e707a\" data-element_type=\"widget\" data-e-type=\"widget\" data-widget_type=\"image.default\">\n\t\t\t\t<div class=\"elementor-widget-container\">\n\t\t\t\t\t\t\t\t\t\t\t\t\t\t\t<img loading=\"lazy\" decoding=\"async\" width=\"2560\" height=\"1432\" src=\"https:\/\/beef-farmer.hu\/wp-content\/uploads\/2024\/04\/unnamed-file-scaled.jpg\" class=\"attachment-full size-full wp-image-2865\" alt=\"\" srcset=\"https:\/\/beef-farmer.hu\/wp-content\/uploads\/2024\/04\/unnamed-file-scaled.jpg 2560w, https:\/\/beef-farmer.hu\/wp-content\/uploads\/2024\/04\/unnamed-file-300x168.jpg 300w, https:\/\/beef-farmer.hu\/wp-content\/uploads\/2024\/04\/unnamed-file-1024x573.jpg 1024w, https:\/\/beef-farmer.hu\/wp-content\/uploads\/2024\/04\/unnamed-file-768x430.jpg 768w, https:\/\/beef-farmer.hu\/wp-content\/uploads\/2024\/04\/unnamed-file-1536x859.jpg 1536w, https:\/\/beef-farmer.hu\/wp-content\/uploads\/2024\/04\/unnamed-file-2048x1146.jpg 2048w\" sizes=\"(max-width: 2560px) 100vw, 2560px\" \/>\t\t\t\t\t\t\t\t\t\t\t\t\t\t\t<\/div>\n\t\t\t\t<\/div>\n\t\t\t\t<div class=\"elementor-element elementor-element-3d166248 elementor-widget elementor-widget-image-box\" data-id=\"3d166248\" data-element_type=\"widget\" data-e-type=\"widget\" data-widget_type=\"image-box.default\">\n\t\t\t\t<div class=\"elementor-widget-container\">\n\t\t\t\t\t<div class=\"elementor-image-box-wrapper\"><div class=\"elementor-image-box-content\"><p class=\"elementor-image-box-description\"><b>A Beef-Farmer Kft. 1998-ban indul\u00f3 csal\u00e1di gazdas\u00e1gb\u00f3l 2009-re fejl\u0151d\u00f6tt c\u00e9gg\u00e9.\nEz egy csal\u00e1di c\u00e9g, amely \u00e1tlagosan 15 munkav\u00e1llal\u00f3nak biztos\u00edt meg\u00e9lhet\u00e9st.\nF\u0151 profilunk a szarvasmarha felv\u00e1s\u00e1rl\u00e1s, emellett szarvasmarha hizlal\u00e1ssal \u00e9s a hozz\u00e1 kapcsol\u00f3d\u00f3 n\u00f6v\u00e9nytermeszt\u00e9ssel is foglalkozunk. Csapatunk profi felv\u00e1s\u00e1rl\u00f3kb\u00f3l \u00e1ll, akik b\u00e1rmilyen term\u00e9szet\u0171 \u00e1llatot szakszer\u0171en k\u00e9pesek kezelni \u00e9s sz\u00e1ll\u00edtani.\n\u00c1llatszeret\u0151, szakk\u00e9pzett \u00e1llatgondoz\u00f3kkal, kiv\u00e1l\u00f3 mez\u0151gazdas\u00e1gi szakemberekkel, kedves, seg\u00edt\u0151k\u00e9sz irodai asszisztensekkel dolgozunk egy\u00fctt.  Gondolkozz Benn\u00fcnk, mert ez egy \"marha\"j\u00f3 v\u00e1laszt\u00e1s! &lt;\/b,<\/p><\/div><\/div>\t\t\t\t<\/div>\n\t\t\t\t<\/div>\n\t\t\t\t\t<\/div>\n\t\t\t\t<\/div>\n\t\t\t\t\t<\/div>\n\t\t\t\t<\/div>\n\t\t\t\t<section class=\"elementor-section elementor-top-section elementor-element elementor-element-1cd011d9 elementor-section-content-middle elementor-section-boxed elementor-section-height-default elementor-section-height-default\" data-id=\"1cd011d9\" data-element_type=\"section\" data-e-type=\"section\" data-settings=\"{&quot;background_background&quot;:&quot;classic&quot;}\">\n\t\t\t\t\t\t\t<div class=\"elementor-background-overlay\"><\/div>\n\t\t\t\t\t\t\t<div class=\"elementor-container elementor-column-gap-no\">\n\t\t\t\t\t<div class=\"elementor-column elementor-col-100 elementor-top-column elementor-element elementor-element-4eedf5c0\" data-id=\"4eedf5c0\" data-element_type=\"column\" data-e-type=\"column\">\n\t\t\t<div class=\"elementor-widget-wrap elementor-element-populated\">\n\t\t\t\t\t\t<div class=\"elementor-element elementor-element-79d312b3 elementor-widget elementor-widget-heading\" data-id=\"79d312b3\" data-element_type=\"widget\" data-e-type=\"widget\" data-widget_type=\"heading.default\">\n\t\t\t\t<div class=\"elementor-widget-container\">\n\t\t\t\t\t<h5 class=\"elementor-heading-title elementor-size-default\">\u00c1ll\u00e1saj\u00e1nlatok<\/h5>\t\t\t\t<\/div>\n\t\t\t\t<\/div>\n\t\t\t\t<div class=\"elementor-element elementor-element-514eb4f8 elementor-widget elementor-widget-heading\" data-id=\"514eb4f8\" data-element_type=\"widget\" data-e-type=\"widget\" data-widget_type=\"heading.default\">\n\t\t\t\t<div class=\"elementor-widget-container\">\n\t\t\t\t\t<h2 class=\"elementor-heading-title elementor-size-default\">Ha \u00e9rdekel valamelyik \u00e1ll\u00e1saj\u00e1nlatunk, jelentkezz b\u00e1tran!<\/h2>\t\t\t\t<\/div>\n\t\t\t\t<\/div>\n\t\t\t\t<div class=\"elementor-element elementor-element-2cc8c2e5 elementor-align-center elementor-widget elementor-widget-button\" data-id=\"2cc8c2e5\" data-element_type=\"widget\" data-e-type=\"widget\" data-widget_type=\"button.default\">\n\t\t\t\t<div class=\"elementor-widget-container\">\n\t\t\t\t\t\t\t\t\t<div class=\"elementor-button-wrapper\">\n\t\t\t\t\t<a class=\"elementor-button elementor-button-link elementor-size-sm elementor-animation-grow\" href=\"https:\/\/beef-farmer.hu\/index.php\/elementor-3073\/\" target=\"_blank\">\n\t\t\t\t\t\t<span class=\"elementor-button-content-wrapper\">\n\t\t\t\t\t\t\t\t\t<span class=\"elementor-button-text\">Kattints ide!<\/span>\n\t\t\t\t\t<\/span>\n\t\t\t\t\t<\/a>\n\t\t\t\t<\/div>\n\t\t\t\t\t\t\t\t<\/div>\n\t\t\t\t<\/div>\n\t\t\t\t\t<\/div>\n\t\t<\/div>\n\t\t\t\t\t<\/div>\n\t\t<\/section>\n\t\t<div class=\"elementor-element elementor-element-d32796f e-flex e-con-boxed e-con e-parent\" data-id=\"d32796f\" data-element_type=\"container\" data-e-type=\"container\">\n\t\t\t\t\t<div class=\"e-con-inner\">\n\t\t\t\t<div class=\"elementor-element elementor-element-3e1e131 elementor-widget-divider--separator-type-pattern elementor-widget-divider--no-spacing elementor-widget-divider--view-line elementor-widget elementor-widget-divider\" data-id=\"3e1e131\" data-element_type=\"widget\" data-e-type=\"widget\" data-widget_type=\"divider.default\">\n\t\t\t\t<div class=\"elementor-widget-container\">\n\t\t\t\t\t\t\t<div class=\"elementor-divider\" style=\"--divider-pattern-url: url(&quot;data:image\/svg+xml,%3Csvg xmlns=&#039;http:\/\/www.w3.org\/2000\/svg&#039; preserveAspectRatio=&#039;xMidYMid meet&#039; overflow=&#039;visible&#039; height=&#039;100%&#039; viewBox=&#039;0 0 117 26&#039; fill=&#039;black&#039; stroke=&#039;none&#039;%3E%3Cpath d=&#039;M3,1.5C5,4.9,6,8.8,6,13s-1.7,8.1-5,11.5C0.3,21.1,0,17.2,0,13S1,4.9,3,1.5z M16,1.5c2,3.4,3,7.3,3,11.5s-1,8.1-3,11.5c-2-4.1-3-8.3-3-12.5S14,4.3,16,1.5z M29,1.5c2,4.8,3,9.3,3,13.5s-1,7.4-3,9.5c-2-3.4-3-7.3-3-11.5S27,4.9,29,1.5z M41.1,1.5C43.7,4.9,45,8.8,45,13s-1,8.1-3,11.5c-2-3.4-3-7.3-3-11.5S39.7,4.9,41.1,1.5zM55,1.5c2,2.8,3,6.3,3,10.5s-1.3,8.4-4,12.5c-1.3-3.4-2-7.3-2-11.5S53,4.9,55,1.5z M68,1.5c2,3.4,3,7.3,3,11.5s-0.7,8.1-2,11.5c-2.7-4.8-4-9.3-4-13.5S66,3.6,68,1.5z M82,1.5c1.3,4.8,2,9.3,2,13.5s-1,7.4-3,9.5c-2-3.4-3-7.3-3-11.5S79.3,4.9,82,1.5z M94,1.5c2,3.4,3,7.3,3,11.5s-1.3,8.1-4,11.5c-1.3-1.4-2-4.3-2-8.5S92,6.9,94,1.5z M107,1.5c2,2.1,3,5.3,3,9.5s-0.7,8.7-2,13.5c-2.7-3.4-4-7.3-4-11.5S105,4.9,107,1.5z&#039;\/%3E%3C\/svg%3E&quot;);\">\n\t\t\t<span class=\"elementor-divider-separator\">\n\t\t\t\t\t\t<\/span>\n\t\t<\/div>\n\t\t\t\t\t\t<\/div>\n\t\t\t\t<\/div>\n\t\t\t\t\t<\/div>\n\t\t\t\t<\/div>\n\t\t<div class=\"elementor-element elementor-element-6320758f e-flex e-con-boxed e-con e-parent\" data-id=\"6320758f\" data-element_type=\"container\" data-e-type=\"container\" data-settings=\"{&quot;background_background&quot;:&quot;classic&quot;}\">\n\t\t\t\t\t<div class=\"e-con-inner\">\n\t\t<div class=\"elementor-element elementor-element-305b89c4 e-con-full e-flex e-con e-child\" data-id=\"305b89c4\" data-element_type=\"container\" data-e-type=\"container\">\n\t\t\t\t<div class=\"elementor-element elementor-element-13111b51 elementor-widget elementor-widget-heading\" data-id=\"13111b51\" data-element_type=\"widget\" data-e-type=\"widget\" data-widget_type=\"heading.default\">\n\t\t\t\t<div class=\"elementor-widget-container\">\n\t\t\t\t\t<h1 class=\"elementor-heading-title elementor-size-default\">Kapcsolatfelv\u00e9tel<\/h1>\t\t\t\t<\/div>\n\t\t\t\t<\/div>\n\t\t\t\t<div class=\"elementor-element elementor-element-6c655527 elementor-align-center elementor-widget elementor-widget-button\" data-id=\"6c655527\" data-element_type=\"widget\" data-e-type=\"widget\" data-widget_type=\"button.default\">\n\t\t\t\t<div class=\"elementor-widget-container\">\n\t\t\t\t\t\t\t\t\t<div class=\"elementor-button-wrapper\">\n\t\t\t\t\t<a class=\"elementor-button elementor-button-link elementor-size-sm elementor-animation-grow\" href=\"https:\/\/beef-farmer.hu\/index.php\/elementor-1753\/\">\n\t\t\t\t\t\t<span class=\"elementor-button-content-wrapper\">\n\t\t\t\t\t\t\t\t\t<span class=\"elementor-button-text\">Kapcsolat<\/span>\n\t\t\t\t\t<\/span>\n\t\t\t\t\t<\/a>\n\t\t\t\t<\/div>\n\t\t\t\t\t\t\t\t<\/div>\n\t\t\t\t<\/div>\n\t\t\t\t<\/div>\n\t\t\t\t\t<\/div>\n\t\t\t\t<\/div>\n\t\t\t\t<\/div>\n\t\t","protected":false},"excerpt":{"rendered":"<p>&#8230;egy &#8222;marha&#8221;j\u00f3 v\u00e1laszt\u00e1s! Preview Only Szolg\u00e1ltat\u00e1saink Szarvasmarha felv\u00e1s\u00e1rl\u00e1s Nagy\u00fczemi telephelyekr\u0151l, h\u00e1zt\u00e1ji gazdas\u00e1gokb\u00f3l egyar\u00e1nt felv\u00e1s\u00e1roljuk a szarvasmarh\u00e1t. Az elad\u00e1sra k\u00edn\u00e1lt \u00e1llatokra a helysz\u00ednen azonnali v\u00e9teli \u00e1raj\u00e1nlatot tesz\u00fcnk. Naprak\u00e9sz piaci \u00e1rakon v\u00e1s\u00e1roljuk a \u00e9l\u0151\u00e1llatot. Felv\u00e1s\u00e1rl\u00f3 csapatunk a gazd\u00e1k \u00e9s az \u00e1llatok magas sz\u00ednvonalon t\u00f6rt\u00e9n\u0151 kiszolg\u00e1l\u00e1s\u00e1t tartja szem el\u0151tt. Keress bizalommal benn\u00fcnket! \u00c9l\u0151\u00e1llat b\u00e9rfuvaroz\u00e1s B\u00e9rfuvaroz\u00e1s ter\u00fclet\u00e9n nagy profizmussal &hellip;<\/p>\n<p class=\"read-more\"> <a class=\"\" href=\"https:\/\/beef-farmer.hu\/\"> <span class=\"screen-reader-text\">F\u0151oldal<\/span> Read More &raquo;<\/a><\/p>\n","protected":false},"author":1,"featured_media":0,"parent":0,"menu_order":0,"comment_status":"closed","ping_status":"closed","template":"","meta":{"om_disable_all_campaigns":false,"_monsterinsights_skip_tracking":false,"_monsterinsights_sitenote_active":false,"_monsterinsights_sitenote_note":"","_monsterinsights_sitenote_category":0,"site-sidebar-layout":"no-sidebar","site-content-layout":"page-builder","ast-site-content-layout":"full-width-container","site-content-style":"default","site-sidebar-style":"default","ast-global-header-display":"","ast-banner-title-visibility":"","ast-main-header-display":"","ast-hfb-above-header-display":"","ast-hfb-below-header-display":"","ast-hfb-mobile-header-display":"","site-post-title":"disabled","ast-breadcrumbs-content":"","ast-featured-img":"disabled","footer-sml-layout":"","theme-transparent-header-meta":"","adv-header-id-meta":"","stick-header-meta":"","header-above-stick-meta":"","header-main-stick-meta":"","header-below-stick-meta":"","astra-migrate-meta-layouts":"set","ast-page-background-enabled":"default","ast-page-background-meta":{"desktop":{"background-color":"var(--ast-global-color-4)","background-image":"","background-repeat":"repeat","background-position":"center center","background-size":"auto","background-attachment":"scroll","background-type":"","background-media":"","overlay-type":"","overlay-color":"","overlay-gradient":""},"tablet":{"background-color":"","background-image":"","background-repeat":"repeat","background-position":"center center","background-size":"auto","background-attachment":"scroll","background-type":"","background-media":"","overlay-type":"","overlay-color":"","overlay-gradient":""},"mobile":{"background-color":"","background-image":"","background-repeat":"repeat","background-position":"center center","background-size":"auto","background-attachment":"scroll","background-type":"","background-media":"","overlay-type":"","overlay-color":"","overlay-gradient":""}},"ast-content-background-meta":{"desktop":{"background-color":"var(--ast-global-color-5)","background-image":"","background-repeat":"repeat","background-position":"center center","background-size":"auto","background-attachment":"scroll","background-type":"","background-media":"","overlay-type":"","overlay-color":"","overlay-gradient":""},"tablet":{"background-color":"var(--ast-global-color-5)","background-image":"","background-repeat":"repeat","background-position":"center center","background-size":"auto","background-attachment":"scroll","background-type":"","background-media":"","overlay-type":"","overlay-color":"","overlay-gradient":""},"mobile":{"background-color":"var(--ast-global-color-5)","background-image":"","background-repeat":"repeat","background-position":"center center","background-size":"auto","background-attachment":"scroll","background-type":"","background-media":"","overlay-type":"","overlay-color":"","overlay-gradient":""}},"footnotes":""},"class_list":["post-2319","page","type-page","status-publish","hentry"],"aioseo_notices":[],"_links":{"self":[{"href":"https:\/\/beef-farmer.hu\/index.php\/wp-json\/wp\/v2\/pages\/2319","targetHints":{"allow":["GET"]}}],"collection":[{"href":"https:\/\/beef-farmer.hu\/index.php\/wp-json\/wp\/v2\/pages"}],"about":[{"href":"https:\/\/beef-farmer.hu\/index.php\/wp-json\/wp\/v2\/types\/page"}],"author":[{"embeddable":true,"href":"https:\/\/beef-farmer.hu\/index.php\/wp-json\/wp\/v2\/users\/1"}],"replies":[{"embeddable":true,"href":"https:\/\/beef-farmer.hu\/index.php\/wp-json\/wp\/v2\/comments?post=2319"}],"version-history":[{"count":221,"href":"https:\/\/beef-farmer.hu\/index.php\/wp-json\/wp\/v2\/pages\/2319\/revisions"}],"predecessor-version":[{"id":3095,"href":"https:\/\/beef-farmer.hu\/index.php\/wp-json\/wp\/v2\/pages\/2319\/revisions\/3095"}],"wp:attachment":[{"href":"https:\/\/beef-farmer.hu\/index.php\/wp-json\/wp\/v2\/media?parent=2319"}],"curies":[{"name":"wp","href":"https:\/\/api.w.org\/{rel}","templated":true}]}}