{"id":3073,"date":"2024-04-29T14:39:18","date_gmt":"2024-04-29T14:39:18","guid":{"rendered":"https:\/\/beef-farmer.hu\/?page_id=3073"},"modified":"2024-08-02T15:25:41","modified_gmt":"2024-08-02T15:25:41","slug":"elementor-3073","status":"publish","type":"page","link":"https:\/\/beef-farmer.hu\/index.php\/elementor-3073\/","title":{"rendered":"\u00c1ll\u00e1s Aj\u00e1nlat"},"content":{"rendered":"\t\t<div data-elementor-type=\"wp-page\" data-elementor-id=\"3073\" class=\"elementor elementor-3073\">\n\t\t\t\t\t\t<section class=\"elementor-section elementor-top-section elementor-element elementor-element-rytnzb3 elementor-section-boxed elementor-section-height-default elementor-section-height-default\" data-id=\"rytnzb3\" data-element_type=\"section\" data-e-type=\"section\" data-settings=\"{&quot;background_background&quot;:&quot;classic&quot;}\">\n\t\t\t\t\t\t<div class=\"elementor-container elementor-column-gap-no\">\n\t\t\t\t\t<div class=\"elementor-column elementor-col-100 elementor-top-column elementor-element elementor-element-7d39467\" data-id=\"7d39467\" data-element_type=\"column\" data-e-type=\"column\">\n\t\t\t<div class=\"elementor-widget-wrap elementor-element-populated\">\n\t\t\t\t\t\t<div class=\"elementor-element elementor-element-f7b7ceb elementor-widget elementor-widget-heading\" data-id=\"f7b7ceb\" data-element_type=\"widget\" data-e-type=\"widget\" data-widget_type=\"heading.default\">\n\t\t\t\t<div class=\"elementor-widget-container\">\n\t\t\t\t\t<h2 class=\"elementor-heading-title elementor-size-default\">\u00c1ll\u00e1saj\u00e1nlataink<\/h2>\t\t\t\t<\/div>\n\t\t\t\t<\/div>\n\t\t\t\t<section class=\"elementor-section elementor-inner-section elementor-element elementor-element-74269ff elementor-section-boxed elementor-section-height-default elementor-section-height-default\" data-id=\"74269ff\" data-element_type=\"section\" data-e-type=\"section\">\n\t\t\t\t\t\t<div class=\"elementor-container elementor-column-gap-no\">\n\t\t\t\t\t<div class=\"elementor-column elementor-col-50 elementor-inner-column elementor-element elementor-element-e4f0e0c\" data-id=\"e4f0e0c\" data-element_type=\"column\" data-e-type=\"column\">\n\t\t\t<div class=\"elementor-widget-wrap elementor-element-populated\">\n\t\t\t\t\t\t<div class=\"elementor-element elementor-element-1701d10 elementor-widget elementor-widget-testimonial\" data-id=\"1701d10\" data-element_type=\"widget\" data-e-type=\"widget\" data-widget_type=\"testimonial.default\">\n\t\t\t\t<div class=\"elementor-widget-container\">\n\t\t\t\t\t\t\t<div class=\"elementor-testimonial-wrapper\">\n\t\t\t\t\t\t\t<div class=\"elementor-testimonial-content\">\u00c1ll\u00e1saj\u00e1nlat!<br>Kisl\u00f3kon m\u0171k\u00f6d\u0151 telephely\u00fcnkre <br>TELEPVEZET\u0150 munkat\u00e1rsat keres\u00fcnk.<br><br>\nF\u0151bb feladatok: <br>-(szarvasmarha)telepi munkafolyamatok ir\u00e1ny\u00edt\u00e1sa, szervez\u00e9se\n-napi \u00e1llatgondoz\u00e1s szervez\u00e9se \n-vakcin\u00e1z\u00e1s szervez\u00e9se \n-dolgoz\u00f3k gondos vezet\u00e9se, ir\u00e1ny\u00edt\u00e1sa \n-tulajdonosok prec\u00edz t\u00e1j\u00e9koztat\u00e1sa az  operat\u00edv feladatokr\u00f3l<br><br>K\u00f6zt\u00fcnk a helyed, ha kiv\u00e1l\u00f3 szervez\u0151i k\u00e9szs\u00e9ggel \u00e9s kimagasl\u00f3 ir\u00e1ny\u00edt\u00f3i k\u00e9pess\u00e9ggel rendelkezel;   prec\u00edz, ig\u00e9nyes munkav\u00e9gz\u00e9sre sarkallod a k\u00f6rnyezetedet \u00e9s magad is eszerint m\u0171k\u00f6dsz. <br>Fontos, hogy n\u00e9h\u00e1ny \u00e9v gyakorlati j\u00e1rtass\u00e1god legyen a szarvasmarha-tart\u00e1s ter\u00fclet\u00e9n. <br>El\u0151nyt jelent a k\u00fclf\u00f6ld\u00f6n szerzett szakmai tapasztalat.<br><br>R\u00e9szletek\u00e9rt keress b\u00e1tran benn\u00fcnket!<br><br>\u00d6n\u00e9letrajzot, Referencia-levelet az El\u00e9rhet\u0151s\u00e9g\u00fcnk men\u00fcpont alatt tal\u00e1lhat\u00f3 e-mail c\u00edmre k\u00fcldhetsz.<br><br>Dolgozz vel\u00fcnk, mert ez egy 'marha'j\u00f3 v\u00e1laszt\u00e1s<\/div>\n\t\t\t\n\t\t\t\t\t\t<div class=\"elementor-testimonial-meta elementor-has-image elementor-testimonial-image-position-aside\">\n\t\t\t\t<div class=\"elementor-testimonial-meta-inner\">\n\t\t\t\t\t\t\t\t\t\t\t<div class=\"elementor-testimonial-image\">\n\t\t\t\t\t\t\t<img fetchpriority=\"high\" decoding=\"async\" width=\"2560\" height=\"2020\" src=\"https:\/\/beef-farmer.hu\/wp-content\/uploads\/2024\/04\/DSC_0001-scaled.jpg\" class=\"attachment-full size-full wp-image-3114\" alt=\"\" srcset=\"https:\/\/beef-farmer.hu\/wp-content\/uploads\/2024\/04\/DSC_0001-scaled.jpg 2560w, https:\/\/beef-farmer.hu\/wp-content\/uploads\/2024\/04\/DSC_0001-300x237.jpg 300w, https:\/\/beef-farmer.hu\/wp-content\/uploads\/2024\/04\/DSC_0001-1024x808.jpg 1024w, https:\/\/beef-farmer.hu\/wp-content\/uploads\/2024\/04\/DSC_0001-768x606.jpg 768w, https:\/\/beef-farmer.hu\/wp-content\/uploads\/2024\/04\/DSC_0001-1536x1212.jpg 1536w, https:\/\/beef-farmer.hu\/wp-content\/uploads\/2024\/04\/DSC_0001-2048x1616.jpg 2048w\" sizes=\"(max-width: 2560px) 100vw, 2560px\" \/>\t\t\t\t\t\t<\/div>\n\t\t\t\t\t\n\t\t\t\t\t\t\t\t\t\t<div class=\"elementor-testimonial-details\">\n\t\t\t\t\t\t\t\t\t\t\t\t\t\t<div class=\"elementor-testimonial-name\">Beef-Farmer Kft.<\/div>\n\t\t\t\t\t\t\t\t\t\t\t\t\t\t\t\t\t\t\t\t\t\t<div class=\"elementor-testimonial-job\">S\u00e1rbog\u00e1rd-Kisl\u00f3k <br>szarvasmarhatart\u00f3 telephelye<\/div>\n\t\t\t\t\t\t\t\t\t\t\t\t\t<\/div>\n\t\t\t\t\t\t\t\t\t<\/div>\n\t\t\t<\/div>\n\t\t\t\t\t<\/div>\n\t\t\t\t\t\t<\/div>\n\t\t\t\t<\/div>\n\t\t\t\t<div class=\"elementor-element elementor-element-65402b2 elementor-widget elementor-widget-testimonial\" data-id=\"65402b2\" data-element_type=\"widget\" data-e-type=\"widget\" data-widget_type=\"testimonial.default\">\n\t\t\t\t<div class=\"elementor-widget-container\">\n\t\t\t\t\t\t\t<div class=\"elementor-testimonial-wrapper\">\n\t\t\t\t\t\t\t<div class=\"elementor-testimonial-content\">\u00c1ll\u00e1saj\u00e1nlat...<\/div>\n\t\t\t\n\t\t\t\t\t\t<div class=\"elementor-testimonial-meta elementor-has-image elementor-testimonial-image-position-aside\">\n\t\t\t\t<div class=\"elementor-testimonial-meta-inner\">\n\t\t\t\t\t\t\t\t\t\t\t<div class=\"elementor-testimonial-image\">\n\t\t\t\t\t\t\t<img decoding=\"async\" width=\"2560\" height=\"1440\" src=\"https:\/\/beef-farmer.hu\/wp-content\/uploads\/2024\/03\/DSC_0511-scaled.jpg\" class=\"attachment-full size-full wp-image-2268\" alt=\"\" srcset=\"https:\/\/beef-farmer.hu\/wp-content\/uploads\/2024\/03\/DSC_0511-scaled.jpg 2560w, https:\/\/beef-farmer.hu\/wp-content\/uploads\/2024\/03\/DSC_0511-300x169.jpg 300w, https:\/\/beef-farmer.hu\/wp-content\/uploads\/2024\/03\/DSC_0511-1024x576.jpg 1024w, https:\/\/beef-farmer.hu\/wp-content\/uploads\/2024\/03\/DSC_0511-768x432.jpg 768w, https:\/\/beef-farmer.hu\/wp-content\/uploads\/2024\/03\/DSC_0511-1536x864.jpg 1536w, https:\/\/beef-farmer.hu\/wp-content\/uploads\/2024\/03\/DSC_0511-2048x1152.jpg 2048w\" sizes=\"(max-width: 2560px) 100vw, 2560px\" \/>\t\t\t\t\t\t<\/div>\n\t\t\t\t\t\n\t\t\t\t\t\t\t\t\t\t<div class=\"elementor-testimonial-details\">\n\t\t\t\t\t\t\t\t\t\t\t\t\t\t<div class=\"elementor-testimonial-name\">Beef-Farmer<\/div>\n\t\t\t\t\t\t\t\t\t\t\t\t\t\t\t\t\t\t\t\t\t\t<div class=\"elementor-testimonial-job\">...<\/div>\n\t\t\t\t\t\t\t\t\t\t\t\t\t<\/div>\n\t\t\t\t\t\t\t\t\t<\/div>\n\t\t\t<\/div>\n\t\t\t\t\t<\/div>\n\t\t\t\t\t\t<\/div>\n\t\t\t\t<\/div>\n\t\t\t\t\t<\/div>\n\t\t<\/div>\n\t\t\t\t<div class=\"elementor-column elementor-col-50 elementor-inner-column elementor-element elementor-element-9d00c5d\" data-id=\"9d00c5d\" data-element_type=\"column\" data-e-type=\"column\">\n\t\t\t<div class=\"elementor-widget-wrap elementor-element-populated\">\n\t\t\t\t\t\t<div class=\"elementor-element elementor-element-a8a652a elementor-widget elementor-widget-testimonial\" data-id=\"a8a652a\" data-element_type=\"widget\" data-e-type=\"widget\" data-widget_type=\"testimonial.default\">\n\t\t\t\t<div class=\"elementor-widget-container\">\n\t\t\t\t\t\t\t<div class=\"elementor-testimonial-wrapper\">\n\t\t\t\t\t\t\t<div class=\"elementor-testimonial-content\">\u00c1ll\u00e1saj\u00e1nlat!<br>Kisl\u00f3kon m\u0171k\u00f6d\u0151 telephely\u00fcnkre<br>LOGISZTIKAI \u00dcGYINT\u00c9Z\u0150 munkat\u00e1rsat keres\u00fcnk.<br><br>F\u0151bb feladatok:<br>- sz\u00e1ll\u00edtm\u00e1nyoz\u00e1sok dokument\u00e1ci\u00f3j\u00e1nak kezel\u00e9se<br>- \u00fczleti levelez\u00e9sek<br>- meg\u00e1llapod\u00e1sok k\u00e9sz\u00edt\u00e9se<br>- keresked\u0151inkkel \u00e9s partnereinkkel val\u00f3 intenz\u00edv kapcsolattart\u00e1s<br>- \u00fcgyint\u00e9z\u00e9sek kik\u00fcldet\u00e9ssel t\u00f6rt\u00e9n\u0151 lebonyol\u00edt\u00e1sa<br><br>Jelentkezz hozz\u00e1nk, ha egy  p\u00f6rg\u0151s, c\u00e9lorient\u00e1lt, \u00e1m csal\u00e1dias hangulat\u00fa irod\u00e1ban szeretn\u00e9l dolgozni. <br>Fontos, hogy sz\u00e1ll\u00edtm\u00e1nyoz\u00e1sban kell\u0151 gyakorlattal rendelkezz, ismerd a t\u00e1bl\u00e1zatkezel\u0151 rendszereket, nagy precizit\u00e1ssal tudd kezelni azokat.<br><br>Bej\u00e1r\u00e1st aut\u00f3val tudod megoldani, mert ritk\u00e1n j\u00e1rnak ki hozz\u00e1nk buszok.<br><br>\u00d6n\u00e9letrajzot, Motiv\u00e1ci\u00f3s levelet az El\u00e9rhet\u0151s\u00e9g\u00fcnk men\u00fcpont alatt tal\u00e1lhat\u00f3 e-mail c\u00edmre k\u00fcldhetsz.<br><br>Jelentkezz b\u00e1tran, lehet, hogy csapatunk \u00e9ppen R\u00e1d v\u00e1r! \ud83d\ude42<\/div>\n\t\t\t\n\t\t\t\t\t\t<div class=\"elementor-testimonial-meta elementor-has-image elementor-testimonial-image-position-aside\">\n\t\t\t\t<div class=\"elementor-testimonial-meta-inner\">\n\t\t\t\t\t\t\t\t\t\t\t<div class=\"elementor-testimonial-image\">\n\t\t\t\t\t\t\t<img decoding=\"async\" width=\"2555\" height=\"2560\" src=\"https:\/\/beef-farmer.hu\/wp-content\/uploads\/2024\/05\/DSC_0005-scaled.jpg\" class=\"attachment-full size-full wp-image-3153\" alt=\"\" srcset=\"https:\/\/beef-farmer.hu\/wp-content\/uploads\/2024\/05\/DSC_0005-scaled.jpg 2555w, https:\/\/beef-farmer.hu\/wp-content\/uploads\/2024\/05\/DSC_0005-300x300.jpg 300w, https:\/\/beef-farmer.hu\/wp-content\/uploads\/2024\/05\/DSC_0005-1022x1024.jpg 1022w, https:\/\/beef-farmer.hu\/wp-content\/uploads\/2024\/05\/DSC_0005-150x150.jpg 150w, https:\/\/beef-farmer.hu\/wp-content\/uploads\/2024\/05\/DSC_0005-768x769.jpg 768w, https:\/\/beef-farmer.hu\/wp-content\/uploads\/2024\/05\/DSC_0005-1533x1536.jpg 1533w, https:\/\/beef-farmer.hu\/wp-content\/uploads\/2024\/05\/DSC_0005-2044x2048.jpg 2044w\" sizes=\"(max-width: 2555px) 100vw, 2555px\" \/>\t\t\t\t\t\t<\/div>\n\t\t\t\t\t\n\t\t\t\t\t\t\t\t\t\t<div class=\"elementor-testimonial-details\">\n\t\t\t\t\t\t\t\t\t\t\t\t\t\t<div class=\"elementor-testimonial-name\">Beef-Farmer Kft.<\/div>\n\t\t\t\t\t\t\t\t\t\t\t\t\t\t\t\t\t\t\t\t\t\t<div class=\"elementor-testimonial-job\">S\u00e1rbog\u00e1rd-Kisl\u00f3k<br>irodai r\u00e9szlege<\/div>\n\t\t\t\t\t\t\t\t\t\t\t\t\t<\/div>\n\t\t\t\t\t\t\t\t\t<\/div>\n\t\t\t<\/div>\n\t\t\t\t\t<\/div>\n\t\t\t\t\t\t<\/div>\n\t\t\t\t<\/div>\n\t\t\t\t<div class=\"elementor-element elementor-element-50dc20c elementor-widget elementor-widget-testimonial\" data-id=\"50dc20c\" data-element_type=\"widget\" data-e-type=\"widget\" data-widget_type=\"testimonial.default\">\n\t\t\t\t<div class=\"elementor-widget-container\">\n\t\t\t\t\t\t\t<div class=\"elementor-testimonial-wrapper\">\n\t\t\t\t\t\t\t<div class=\"elementor-testimonial-content\">\u00c1ll\u00e1saj\u00e1nlat...<\/div>\n\t\t\t\n\t\t\t\t\t\t<div class=\"elementor-testimonial-meta elementor-has-image elementor-testimonial-image-position-aside\">\n\t\t\t\t<div class=\"elementor-testimonial-meta-inner\">\n\t\t\t\t\t\t\t\t\t\t\t<div class=\"elementor-testimonial-image\">\n\t\t\t\t\t\t\t<img loading=\"lazy\" decoding=\"async\" width=\"2400\" height=\"1600\" src=\"https:\/\/beef-farmer.hu\/wp-content\/uploads\/2024\/03\/DSC_0499-masolata.jpg\" class=\"attachment-full size-full wp-image-2269\" alt=\"\" srcset=\"https:\/\/beef-farmer.hu\/wp-content\/uploads\/2024\/03\/DSC_0499-masolata.jpg 2400w, https:\/\/beef-farmer.hu\/wp-content\/uploads\/2024\/03\/DSC_0499-masolata-300x200.jpg 300w, https:\/\/beef-farmer.hu\/wp-content\/uploads\/2024\/03\/DSC_0499-masolata-1024x683.jpg 1024w, https:\/\/beef-farmer.hu\/wp-content\/uploads\/2024\/03\/DSC_0499-masolata-768x512.jpg 768w, https:\/\/beef-farmer.hu\/wp-content\/uploads\/2024\/03\/DSC_0499-masolata-1536x1024.jpg 1536w, https:\/\/beef-farmer.hu\/wp-content\/uploads\/2024\/03\/DSC_0499-masolata-2048x1365.jpg 2048w\" sizes=\"(max-width: 2400px) 100vw, 2400px\" \/>\t\t\t\t\t\t<\/div>\n\t\t\t\t\t\n\t\t\t\t\t\t\t\t\t\t<div class=\"elementor-testimonial-details\">\n\t\t\t\t\t\t\t\t\t\t\t\t\t\t<div class=\"elementor-testimonial-name\">Beef-Farmer<\/div>\n\t\t\t\t\t\t\t\t\t\t\t\t\t\t\t\t\t\t\t\t\t\t<div class=\"elementor-testimonial-job\">...<\/div>\n\t\t\t\t\t\t\t\t\t\t\t\t\t<\/div>\n\t\t\t\t\t\t\t\t\t<\/div>\n\t\t\t<\/div>\n\t\t\t\t\t<\/div>\n\t\t\t\t\t\t<\/div>\n\t\t\t\t<\/div>\n\t\t\t\t\t<\/div>\n\t\t<\/div>\n\t\t\t\t\t<\/div>\n\t\t<\/section>\n\t\t\t\t\t<\/div>\n\t\t<\/div>\n\t\t\t\t\t<\/div>\n\t\t<\/section>\n\t\t\t\t<\/div>\n\t\t","protected":false},"excerpt":{"rendered":"<p>\u00c1ll\u00e1saj\u00e1nlataink \u00c1ll\u00e1saj\u00e1nlat!Kisl\u00f3kon m\u0171k\u00f6d\u0151 telephely\u00fcnkre TELEPVEZET\u0150 munkat\u00e1rsat keres\u00fcnk. F\u0151bb feladatok: -(szarvasmarha)telepi munkafolyamatok ir\u00e1ny\u00edt\u00e1sa, szervez\u00e9se -napi \u00e1llatgondoz\u00e1s szervez\u00e9se -vakcin\u00e1z\u00e1s szervez\u00e9se -dolgoz\u00f3k gondos vezet\u00e9se, ir\u00e1ny\u00edt\u00e1sa -tulajdonosok prec\u00edz t\u00e1j\u00e9koztat\u00e1sa az operat\u00edv feladatokr\u00f3l K\u00f6zt\u00fcnk a helyed, ha kiv\u00e1l\u00f3 szervez\u0151i k\u00e9szs\u00e9ggel \u00e9s kimagasl\u00f3 ir\u00e1ny\u00edt\u00f3i k\u00e9pess\u00e9ggel rendelkezel; prec\u00edz, ig\u00e9nyes munkav\u00e9gz\u00e9sre sarkallod a k\u00f6rnyezetedet \u00e9s magad is eszerint m\u0171k\u00f6dsz. Fontos, hogy n\u00e9h\u00e1ny \u00e9v &hellip;<\/p>\n<p class=\"read-more\"> <a class=\"\" href=\"https:\/\/beef-farmer.hu\/index.php\/elementor-3073\/\"> <span class=\"screen-reader-text\">\u00c1ll\u00e1s Aj\u00e1nlat<\/span> Read More &raquo;<\/a><\/p>\n","protected":false},"author":1,"featured_media":0,"parent":0,"menu_order":0,"comment_status":"closed","ping_status":"closed","template":"","meta":{"om_disable_all_campaigns":false,"_monsterinsights_skip_tracking":false,"_monsterinsights_sitenote_active":false,"_monsterinsights_sitenote_note":"","_monsterinsights_sitenote_category":0,"site-sidebar-layout":"no-sidebar","site-content-layout":"page-builder","ast-site-content-layout":"full-width-container","site-content-style":"default","site-sidebar-style":"default","ast-global-header-display":"","ast-banner-title-visibility":"","ast-main-header-display":"","ast-hfb-above-header-display":"","ast-hfb-below-header-display":"","ast-hfb-mobile-header-display":"","site-post-title":"disabled","ast-breadcrumbs-content":"","ast-featured-img":"disabled","footer-sml-layout":"","theme-transparent-header-meta":"","adv-header-id-meta":"","stick-header-meta":"","header-above-stick-meta":"","header-main-stick-meta":"","header-below-stick-meta":"","astra-migrate-meta-layouts":"set","ast-page-background-enabled":"default","ast-page-background-meta":{"desktop":{"background-color":"var(--ast-global-color-4)","background-image":"","background-repeat":"repeat","background-position":"center center","background-size":"auto","background-attachment":"scroll","background-type":"","background-media":"","overlay-type":"","overlay-color":"","overlay-gradient":""},"tablet":{"background-color":"","background-image":"","background-repeat":"repeat","background-position":"center center","background-size":"auto","background-attachment":"scroll","background-type":"","background-media":"","overlay-type":"","overlay-color":"","overlay-gradient":""},"mobile":{"background-color":"","background-image":"","background-repeat":"repeat","background-position":"center center","background-size":"auto","background-attachment":"scroll","background-type":"","background-media":"","overlay-type":"","overlay-color":"","overlay-gradient":""}},"ast-content-background-meta":{"desktop":{"background-color":"var(--ast-global-color-5)","background-image":"","background-repeat":"repeat","background-position":"center center","background-size":"auto","background-attachment":"scroll","background-type":"","background-media":"","overlay-type":"","overlay-color":"","overlay-gradient":""},"tablet":{"background-color":"var(--ast-global-color-5)","background-image":"","background-repeat":"repeat","background-position":"center center","background-size":"auto","background-attachment":"scroll","background-type":"","background-media":"","overlay-type":"","overlay-color":"","overlay-gradient":""},"mobile":{"background-color":"var(--ast-global-color-5)","background-image":"","background-repeat":"repeat","background-position":"center center","background-size":"auto","background-attachment":"scroll","background-type":"","background-media":"","overlay-type":"","overlay-color":"","overlay-gradient":""}},"footnotes":""},"class_list":["post-3073","page","type-page","status-publish","hentry"],"aioseo_notices":[],"_links":{"self":[{"href":"https:\/\/beef-farmer.hu\/index.php\/wp-json\/wp\/v2\/pages\/3073","targetHints":{"allow":["GET"]}}],"collection":[{"href":"https:\/\/beef-farmer.hu\/index.php\/wp-json\/wp\/v2\/pages"}],"about":[{"href":"https:\/\/beef-farmer.hu\/index.php\/wp-json\/wp\/v2\/types\/page"}],"author":[{"embeddable":true,"href":"https:\/\/beef-farmer.hu\/index.php\/wp-json\/wp\/v2\/users\/1"}],"replies":[{"embeddable":true,"href":"https:\/\/beef-farmer.hu\/index.php\/wp-json\/wp\/v2\/comments?post=3073"}],"version-history":[{"count":74,"href":"https:\/\/beef-farmer.hu\/index.php\/wp-json\/wp\/v2\/pages\/3073\/revisions"}],"predecessor-version":[{"id":3183,"href":"https:\/\/beef-farmer.hu\/index.php\/wp-json\/wp\/v2\/pages\/3073\/revisions\/3183"}],"wp:attachment":[{"href":"https:\/\/beef-farmer.hu\/index.php\/wp-json\/wp\/v2\/media?parent=3073"}],"curies":[{"name":"wp","href":"https:\/\/api.w.org\/{rel}","templated":true}]}}